{"id":16,"date":"2020-07-14T20:41:08","date_gmt":"2020-07-14T18:41:08","guid":{"rendered":"http:\/\/localhost:8888\/?page_id=16"},"modified":"2024-12-16T23:04:04","modified_gmt":"2024-12-16T22:04:04","slug":"le-concept-de-lepicerie-conviviale","status":"publish","type":"page","link":"https:\/\/locallocal.fr\/","title":{"rendered":"Le projet Local Local"},"content":{"rendered":"\n<p>\u200b<\/p>\n\n\n\n<p>Le projet Local Local regroupe les comp\u00e9tences d&rsquo;ing\u00e9nieurs et techniciens exp\u00e9riment\u00e9s et compl\u00e9mentaires. Apr\u00e8s avoir travaill\u00e9 plusieurs ann\u00e9es dans l&rsquo;industrie de process comme salari\u00e9s puis consultants freelance, nous nous regroupons pour proposer \u00e0 nos clients des services plus larges allant jusqu&rsquo;\u00e0 des unit\u00e9s clefs en main. Dans ce projet, nous nous sommes entour\u00e9s de partenaires s\u00e9rieux et reconnus pour \u00eatre \u00e0 la hauteur de nos ambitions.<\/p>\n\n\n\n<p>Ce sont de comp\u00e9tences et d&rsquo;ind\u00e9pendance que s&rsquo;est form\u00e9 Local Low Cal car ce sont deux composantes essentielles \u00e0 la construction d&rsquo;un avenir durable. Nous avons pour ambition de devenir un acteur clef des \u00e9conomies en Afrique de l&rsquo;Ouest et \u00e0 ce titre nous souhaitons d\u00e9fendre un certain nombre de valeurs inscrites dans notre charte \u00e9thique.<\/p>\n\n\n\n<p><\/p>\n","protected":false},"excerpt":{"rendered":"<p>\u200b Le projet Local Local regroupe les comp\u00e9tences d&rsquo;ing\u00e9nieurs et techniciens exp\u00e9riment\u00e9s et compl\u00e9mentaires. Apr\u00e8s avoir travaill\u00e9 plusieurs ann\u00e9es dans l&rsquo;industrie de process comme salari\u00e9s puis consultants freelance, nous nous regroupons pour proposer \u00e0 nos clients des services plus larges allant jusqu&rsquo;\u00e0 des unit\u00e9s clefs en main. Dans ce projet, nous nous sommes entour\u00e9s de &hellip; <\/p>\n<p class=\"link-more\"><a href=\"https:\/\/locallocal.fr\/\" class=\"more-link\">Continuer la lecture<span class=\"screen-reader-text\"> de &laquo;&nbsp;Le projet Local Local&nbsp;&raquo;<\/span><\/a><\/p>\n","protected":false},"author":1,"featured_media":0,"parent":0,"menu_order":0,"comment_status":"closed","ping_status":"closed","template":"template-homepage.php","meta":{"footnotes":""},"class_list":["post-16","page","type-page","status-publish","hentry"],"jetpack-related-posts":[],"jetpack_sharing_enabled":true,"_links":{"self":[{"href":"https:\/\/locallocal.fr\/index.php\/wp-json\/wp\/v2\/pages\/16","targetHints":{"allow":["GET"]}}],"collection":[{"href":"https:\/\/locallocal.fr\/index.php\/wp-json\/wp\/v2\/pages"}],"about":[{"href":"https:\/\/locallocal.fr\/index.php\/wp-json\/wp\/v2\/types\/page"}],"author":[{"embeddable":true,"href":"https:\/\/locallocal.fr\/index.php\/wp-json\/wp\/v2\/users\/1"}],"replies":[{"embeddable":true,"href":"https:\/\/locallocal.fr\/index.php\/wp-json\/wp\/v2\/comments?post=16"}],"version-history":[{"count":8,"href":"https:\/\/locallocal.fr\/index.php\/wp-json\/wp\/v2\/pages\/16\/revisions"}],"predecessor-version":[{"id":10691,"href":"https:\/\/locallocal.fr\/index.php\/wp-json\/wp\/v2\/pages\/16\/revisions\/10691"}],"wp:attachment":[{"href":"https:\/\/locallocal.fr\/index.php\/wp-json\/wp\/v2\/media?parent=16"}],"curies":[{"name":"wp","href":"https:\/\/api.w.org\/{rel}","templated":true}]}}